{"id":188,"date":"2016-09-25T08:53:12","date_gmt":"2016-09-25T08:53:12","guid":{"rendered":"http:\/\/immolo.net\/?page_id=188"},"modified":"2022-03-08T12:43:57","modified_gmt":"2022-03-08T12:43:57","slug":"referenzen","status":"publish","type":"page","link":"https:\/\/immolo.net\/?page_id=188","title":{"rendered":"REFERENZEN"},"content":{"rendered":"<p>Nachstehend eine Auswahl von Immobilien, die durch uns verkauft wurden.<\/p>\n<table border=\"0\" width=\"420\" cellspacing=\"2\" cellpadding=\"0\">\n<tbody>\n<tr>\n<td>\n<p><div id=\"attachment_379\" style=\"width: 210px\" class=\"wp-caption aligncenter\"><img loading=\"lazy\" decoding=\"async\" aria-describedby=\"caption-attachment-379\" class=\"size-full wp-image-379\" src=\"https:\/\/immolo.net\/wp-content\/uploads\/2022\/03\/026n.jpg\" alt=\"\" width=\"200\" height=\"200\" srcset=\"https:\/\/immolo.net\/wp-content\/uploads\/2022\/03\/026n.jpg 200w, https:\/\/immolo.net\/wp-content\/uploads\/2022\/03\/026n-150x150.jpg 150w\" sizes=\"auto, (max-width: 200px) 100vw, 200px\" \/><p id=\"caption-attachment-379\" class=\"wp-caption-text\">Seltenes Baugrundst\u00fcck in gefragter Lage<\/p><\/div><\/td>\n<td><\/td>\n<td>\n<p><div id=\"attachment_373\" style=\"width: 210px\" class=\"wp-caption aligncenter\"><img loading=\"lazy\" decoding=\"async\" aria-describedby=\"caption-attachment-373\" class=\"size-full wp-image-373\" src=\"https:\/\/immolo.net\/wp-content\/uploads\/2021\/01\/025n.jpg\" alt=\"\" width=\"200\" height=\"200\" srcset=\"https:\/\/immolo.net\/wp-content\/uploads\/2021\/01\/025n.jpg 200w, https:\/\/immolo.net\/wp-content\/uploads\/2021\/01\/025n-150x150.jpg 150w\" sizes=\"auto, (max-width: 200px) 100vw, 200px\" \/><p id=\"caption-attachment-373\" class=\"wp-caption-text\">Villenartiges Geb\u00e4ude zur Sanierung in Altenburg<\/p><\/div><\/td>\n<\/tr>\n<tr>\n<td>\n<p><div id=\"attachment_372\" style=\"width: 210px\" class=\"wp-caption aligncenter\"><img loading=\"lazy\" decoding=\"async\" aria-describedby=\"caption-attachment-372\" class=\"size-full wp-image-372\" src=\"https:\/\/immolo.net\/wp-content\/uploads\/2021\/01\/024n.jpg\" alt=\"\" width=\"200\" height=\"200\" srcset=\"https:\/\/immolo.net\/wp-content\/uploads\/2021\/01\/024n.jpg 200w, https:\/\/immolo.net\/wp-content\/uploads\/2021\/01\/024n-150x150.jpg 150w\" sizes=\"auto, (max-width: 200px) 100vw, 200px\" \/><p id=\"caption-attachment-372\" class=\"wp-caption-text\">Grundst\u00fcck f\u00fcr Geschossneubau in Halle<\/p><\/div><\/td>\n<td><\/td>\n<td>\n<p><div id=\"attachment_365\" style=\"width: 210px\" class=\"wp-caption aligncenter\"><img loading=\"lazy\" decoding=\"async\" aria-describedby=\"caption-attachment-365\" class=\"size-full wp-image-365\" src=\"http:\/\/immolo.net\/wp-content\/uploads\/2020\/07\/023n.jpg\" alt=\"\" width=\"200\" height=\"200\" srcset=\"https:\/\/immolo.net\/wp-content\/uploads\/2020\/07\/023n.jpg 200w, https:\/\/immolo.net\/wp-content\/uploads\/2020\/07\/023n-150x150.jpg 150w\" sizes=\"auto, (max-width: 200px) 100vw, 200px\" \/><p id=\"caption-attachment-365\" class=\"wp-caption-text\">Denkmalgesch\u00fctztes Wohn- und Gesch\u00e4ftshaus in Leipzig Anger-Crottendorf<\/p><\/div><\/td>\n<\/tr>\n<tr>\n<td>\n<p><div id=\"attachment_354\" style=\"width: 210px\" class=\"wp-caption aligncenter\"><img loading=\"lazy\" decoding=\"async\" aria-describedby=\"caption-attachment-354\" class=\"size-full wp-image-354\" src=\"http:\/\/immolo.net\/wp-content\/uploads\/2019\/08\/022n.jpg\" alt=\"\" width=\"200\" height=\"200\" srcset=\"https:\/\/immolo.net\/wp-content\/uploads\/2019\/08\/022n.jpg 200w, https:\/\/immolo.net\/wp-content\/uploads\/2019\/08\/022n-150x150.jpg 150w\" sizes=\"auto, (max-width: 200px) 100vw, 200px\" \/><p id=\"caption-attachment-354\" class=\"wp-caption-text\">EFH mit gro\u00dfem Gartengrundst\u00fcck in Teuschtenthal<\/p><\/div><\/td>\n<td><\/td>\n<td>\n<p><div id=\"attachment_340\" style=\"width: 210px\" class=\"wp-caption aligncenter\"><img loading=\"lazy\" decoding=\"async\" aria-describedby=\"caption-attachment-340\" class=\"size-full wp-image-340\" src=\"http:\/\/immolo.net\/wp-content\/uploads\/2019\/03\/021n.jpg\" alt=\"\" width=\"200\" height=\"200\" srcset=\"https:\/\/immolo.net\/wp-content\/uploads\/2019\/03\/021n.jpg 200w, https:\/\/immolo.net\/wp-content\/uploads\/2019\/03\/021n-150x150.jpg 150w\" sizes=\"auto, (max-width: 200px) 100vw, 200px\" \/><p id=\"caption-attachment-340\" class=\"wp-caption-text\">Standortpr\u00e4gendes ehemaliges B\u00fcrogeb\u00e4ude in Zwickau<\/p><\/div><\/td>\n<\/tr>\n<tr>\n<td>\n<p><div id=\"attachment_336\" style=\"width: 210px\" class=\"wp-caption aligncenter\"><img loading=\"lazy\" decoding=\"async\" aria-describedby=\"caption-attachment-336\" class=\"size-full wp-image-336\" src=\"http:\/\/immolo.net\/wp-content\/uploads\/2019\/03\/020n.jpg\" alt=\"\" width=\"200\" height=\"200\" srcset=\"https:\/\/immolo.net\/wp-content\/uploads\/2019\/03\/020n.jpg 200w, https:\/\/immolo.net\/wp-content\/uploads\/2019\/03\/020n-150x150.jpg 150w\" sizes=\"auto, (max-width: 200px) 100vw, 200px\" \/><p id=\"caption-attachment-336\" class=\"wp-caption-text\">Mehrfamilienhaus Leipzig Wahren<\/p><\/div><\/td>\n<td><\/td>\n<td>\n<p><div id=\"attachment_325\" style=\"width: 210px\" class=\"wp-caption aligncenter\"><img loading=\"lazy\" decoding=\"async\" aria-describedby=\"caption-attachment-325\" class=\"wp-image-325 size-full\" src=\"http:\/\/immolo.net\/wp-content\/uploads\/2019\/02\/019n.jpg\" alt=\"\" width=\"200\" height=\"200\" srcset=\"https:\/\/immolo.net\/wp-content\/uploads\/2019\/02\/019n.jpg 200w, https:\/\/immolo.net\/wp-content\/uploads\/2019\/02\/019n-150x150.jpg 150w\" sizes=\"auto, (max-width: 200px) 100vw, 200px\" \/><p id=\"caption-attachment-325\" class=\"wp-caption-text\">Wohn- und Gesch\u00e4ftshaus in Zwickau<\/p><\/div><\/td>\n<\/tr>\n<tr>\n<td>\n<p><div id=\"attachment_300\" style=\"width: 210px\" class=\"wp-caption aligncenter\"><img loading=\"lazy\" decoding=\"async\" aria-describedby=\"caption-attachment-300\" class=\"size-full wp-image-300\" src=\"http:\/\/immolo.net\/wp-content\/uploads\/2019\/02\/018n.jpg\" alt=\"\" width=\"200\" height=\"200\" \/><p id=\"caption-attachment-300\" class=\"wp-caption-text\">Wohn- und Gesch\u00e4ftshaus in zentraler Lage in Zeitz<\/p><\/div><\/td>\n<td><\/td>\n<td>\n<p><div id=\"attachment_295\" style=\"width: 210px\" class=\"wp-caption aligncenter\"><img loading=\"lazy\" decoding=\"async\" aria-describedby=\"caption-attachment-295\" class=\"size-full wp-image-295\" src=\"http:\/\/immolo.net\/wp-content\/uploads\/2019\/02\/017n.jpg\" alt=\"\" width=\"200\" height=\"200\" \/><p id=\"caption-attachment-295\" class=\"wp-caption-text\">Villa als Mehrfamilienhaus in Chemnitz Siegmar<\/p><\/div><\/td>\n<\/tr>\n<tr>\n<td>\n<p><div id=\"attachment_292\" style=\"width: 210px\" class=\"wp-caption aligncenter\"><img loading=\"lazy\" decoding=\"async\" aria-describedby=\"caption-attachment-292\" class=\"size-full wp-image-292\" src=\"http:\/\/immolo.net\/wp-content\/uploads\/2019\/02\/016n.jpg\" alt=\"\" width=\"200\" height=\"200\" \/><p id=\"caption-attachment-292\" class=\"wp-caption-text\">Vermietete Zwei-Zimmer Wohnung in Leipzig Lindenau<\/p><\/div><\/td>\n<td><\/td>\n<td>\n<p><div id=\"attachment_288\" style=\"width: 210px\" class=\"wp-caption aligncenter\"><img loading=\"lazy\" decoding=\"async\" aria-describedby=\"caption-attachment-288\" class=\"size-full wp-image-288\" src=\"http:\/\/immolo.net\/wp-content\/uploads\/2019\/02\/015n.jpg\" alt=\"\" width=\"200\" height=\"200\" \/><p id=\"caption-attachment-288\" class=\"wp-caption-text\">EFH in Camburg<\/p><\/div><\/td>\n<\/tr>\n<tr>\n<td>\n<p><div id=\"attachment_275\" style=\"width: 210px\" class=\"wp-caption aligncenter\"><img loading=\"lazy\" decoding=\"async\" aria-describedby=\"caption-attachment-275\" class=\"size-full wp-image-275\" src=\"http:\/\/immolo.net\/wp-content\/uploads\/2019\/02\/014n.jpg\" alt=\"\" width=\"200\" height=\"200\" \/><p id=\"caption-attachment-275\" class=\"wp-caption-text\">Wohnanlage mit 68 WE in Gera<\/p><\/div><\/td>\n<td><\/td>\n<td>\n<p><div id=\"attachment_265\" style=\"width: 210px\" class=\"wp-caption aligncenter\"><img loading=\"lazy\" decoding=\"async\" aria-describedby=\"caption-attachment-265\" class=\"wp-image-265 size-full\" src=\"http:\/\/immolo.net\/wp-content\/uploads\/2019\/02\/013n.jpg\" alt=\"\" width=\"200\" height=\"200\" \/><p id=\"caption-attachment-265\" class=\"wp-caption-text\">1,7 ha gro\u00dfes Gewerbegrundst\u00fcck in Sachsen-Anhalt<\/p><\/div><\/td>\n<\/tr>\n<tr>\n<td>\n<p><div id=\"attachment_245\" style=\"width: 210px\" class=\"wp-caption aligncenter\"><img loading=\"lazy\" decoding=\"async\" aria-describedby=\"caption-attachment-245\" class=\"wp-image-245 size-full\" src=\"http:\/\/immolo.net\/wp-content\/uploads\/2019\/02\/012n.jpg\" alt=\"\" width=\"200\" height=\"200\" \/><p id=\"caption-attachment-245\" class=\"wp-caption-text\">Apartment in Leipzig Plagwitz<\/p><\/div><\/td>\n<td><\/td>\n<td>\n<p><div id=\"attachment_237\" style=\"width: 210px\" class=\"wp-caption aligncenter\"><img loading=\"lazy\" decoding=\"async\" aria-describedby=\"caption-attachment-237\" class=\"size-full wp-image-237\" src=\"http:\/\/immolo.net\/wp-content\/uploads\/2019\/02\/011n.jpg\" alt=\"\" width=\"200\" height=\"200\" \/><p id=\"caption-attachment-237\" class=\"wp-caption-text\">Grundst\u00fcck f\u00fcr Geschossneubau in Leipzig Reudnitz-Thonberg<\/p><\/div><\/td>\n<\/tr>\n<tr>\n<td>\n<p><div id=\"attachment_234\" style=\"width: 210px\" class=\"wp-caption aligncenter\"><img loading=\"lazy\" decoding=\"async\" aria-describedby=\"caption-attachment-234\" class=\"size-full wp-image-234\" src=\"http:\/\/immolo.net\/wp-content\/uploads\/2019\/02\/010n.jpg\" alt=\"\" width=\"200\" height=\"200\" \/><p id=\"caption-attachment-234\" class=\"wp-caption-text\">ETW Paket Weimar<\/p><\/div><\/td>\n<td><\/td>\n<td>\n<p><div id=\"attachment_229\" style=\"width: 210px\" class=\"wp-caption aligncenter\"><img loading=\"lazy\" decoding=\"async\" aria-describedby=\"caption-attachment-229\" class=\"wp-image-229 size-full\" src=\"http:\/\/immolo.net\/wp-content\/uploads\/2019\/02\/009n.jpg\" alt=\"009\" width=\"200\" height=\"200\" \/><p id=\"caption-attachment-229\" class=\"wp-caption-text\">Kleines Mehrfamilienhaus in Leipzig Neustadt &#8211; Neusch\u00f6nefeld<\/p><\/div><\/td>\n<\/tr>\n<tr>\n<td>\n<p><div id=\"attachment_222\" style=\"width: 210px\" class=\"wp-caption aligncenter\"><img loading=\"lazy\" decoding=\"async\" aria-describedby=\"caption-attachment-222\" class=\"size-full wp-image-222\" src=\"http:\/\/immolo.net\/wp-content\/uploads\/2019\/02\/008n.jpg\" alt=\"Saniertes Mehrfamilienhaus in Zeitz\" width=\"200\" height=\"200\" \/><p id=\"caption-attachment-222\" class=\"wp-caption-text\">Saniertes Mehrfamilienhaus in Zeitz<\/p><\/div><\/td>\n<td><\/td>\n<td>\n<p><div id=\"attachment_218\" style=\"width: 210px\" class=\"wp-caption aligncenter\"><img loading=\"lazy\" decoding=\"async\" aria-describedby=\"caption-attachment-218\" class=\"size-full wp-image-218\" src=\"http:\/\/immolo.net\/wp-content\/uploads\/2019\/02\/007n.jpg\" width=\"200\" height=\"200\" \/><p id=\"caption-attachment-218\" class=\"wp-caption-text\">Mehrfamilienhaus in Leipzig Volkmarsdorf<\/p><\/div><\/td>\n<\/tr>\n<tr>\n<td>\n<p><div id=\"attachment_212\" style=\"width: 210px\" class=\"wp-caption aligncenter\"><img loading=\"lazy\" decoding=\"async\" aria-describedby=\"caption-attachment-212\" class=\"wp-image-212 size-full\" src=\"http:\/\/immolo.net\/wp-content\/uploads\/2019\/02\/006n.jpg\" width=\"200\" height=\"200\" \/><p id=\"caption-attachment-212\" class=\"wp-caption-text\">Zwei-Zimmer-Apartment in Leipzig Plagwitz<\/p><\/div><\/td>\n<td><\/td>\n<td>\n<p><div id=\"attachment_211\" style=\"width: 210px\" class=\"wp-caption aligncenter\"><img loading=\"lazy\" decoding=\"async\" aria-describedby=\"caption-attachment-211\" class=\"wp-image-211 size-full\" src=\"http:\/\/immolo.net\/wp-content\/uploads\/2019\/02\/005n.jpg\" width=\"200\" height=\"200\" \/><p id=\"caption-attachment-211\" class=\"wp-caption-text\">Mehrfamilienhaus in Chemnitz Ka\u00dfberg<\/p><\/div><\/td>\n<\/tr>\n<tr>\n<td>\n<p><div id=\"attachment_210\" style=\"width: 210px\" class=\"wp-caption aligncenter\"><img loading=\"lazy\" decoding=\"async\" aria-describedby=\"caption-attachment-210\" class=\"wp-image-210 size-full\" src=\"http:\/\/immolo.net\/wp-content\/uploads\/2019\/02\/004n.jpg\" width=\"200\" height=\"200\" \/><p id=\"caption-attachment-210\" class=\"wp-caption-text\">Apartment in Leipzig Plagwitz<\/p><\/div><\/td>\n<td><\/td>\n<td>\n<p><div id=\"attachment_209\" style=\"width: 210px\" class=\"wp-caption aligncenter\"><img loading=\"lazy\" decoding=\"async\" aria-describedby=\"caption-attachment-209\" class=\"wp-image-209 size-full\" src=\"http:\/\/immolo.net\/wp-content\/uploads\/2019\/02\/003n.jpg\" width=\"200\" height=\"200\" \/><p id=\"caption-attachment-209\" class=\"wp-caption-text\">Mehrfamilienhaus in Leipzig Lindenau<\/p><\/div><\/td>\n<\/tr>\n<tr>\n<td>\n<p><div id=\"attachment_208\" style=\"width: 210px\" class=\"wp-caption aligncenter\"><img loading=\"lazy\" decoding=\"async\" aria-describedby=\"caption-attachment-208\" class=\"wp-image-208 size-full\" src=\"http:\/\/immolo.net\/wp-content\/uploads\/2019\/02\/002n.jpg\" width=\"200\" height=\"200\" \/><p id=\"caption-attachment-208\" class=\"wp-caption-text\">Mehrfamilienhaus in Halle Zentrum<\/p><\/div><\/td>\n<td><\/td>\n<td>\n<p><div id=\"attachment_207\" style=\"width: 210px\" class=\"wp-caption aligncenter\"><img loading=\"lazy\" decoding=\"async\" aria-describedby=\"caption-attachment-207\" class=\"wp-image-207 size-full\" src=\"http:\/\/immolo.net\/wp-content\/uploads\/2019\/02\/001n.jpg\" width=\"200\" height=\"200\" \/><p id=\"caption-attachment-207\" class=\"wp-caption-text\">Mehrfamilienhaus in Leipzig Reudnitz<\/p><\/div><\/td>\n<\/tr>\n<tr>\n<td><\/td>\n<td><\/td>\n<td><\/td>\n<\/tr>\n<\/tbody>\n<\/table>\n","protected":false},"excerpt":{"rendered":"<p>Nachstehend eine Auswahl von Immobilien, die durch uns verkauft wurden. <a class=\"continue-reading-link\" href=\"https:\/\/immolo.net\/?page_id=188\"> Continue reading<\/a><\/p>\n","protected":false},"author":1,"featured_media":0,"parent":0,"menu_order":6,"comment_status":"closed","ping_status":"closed","template":"templates\/template-twocolumns-right.php","meta":{"footnotes":""},"class_list":["post-188","page","type-page","status-publish","hentry"],"_links":{"self":[{"href":"https:\/\/immolo.net\/index.php?rest_route=\/wp\/v2\/pages\/188","targetHints":{"allow":["GET"]}}],"collection":[{"href":"https:\/\/immolo.net\/index.php?rest_route=\/wp\/v2\/pages"}],"about":[{"href":"https:\/\/immolo.net\/index.php?rest_route=\/wp\/v2\/types\/page"}],"author":[{"embeddable":true,"href":"https:\/\/immolo.net\/index.php?rest_route=\/wp\/v2\/users\/1"}],"replies":[{"embeddable":true,"href":"https:\/\/immolo.net\/index.php?rest_route=%2Fwp%2Fv2%2Fcomments&post=188"}],"version-history":[{"count":44,"href":"https:\/\/immolo.net\/index.php?rest_route=\/wp\/v2\/pages\/188\/revisions"}],"predecessor-version":[{"id":380,"href":"https:\/\/immolo.net\/index.php?rest_route=\/wp\/v2\/pages\/188\/revisions\/380"}],"wp:attachment":[{"href":"https:\/\/immolo.net\/index.php?rest_route=%2Fwp%2Fv2%2Fmedia&parent=188"}],"curies":[{"name":"wp","href":"https:\/\/api.w.org\/{rel}","templated":true}]}}