{"id":7,"date":"2014-09-30T21:35:42","date_gmt":"2014-09-30T21:35:42","guid":{"rendered":"http:\/\/immolo.net\/?page_id=7"},"modified":"2021-01-13T12:13:15","modified_gmt":"2021-01-13T12:13:15","slug":"home","status":"publish","type":"page","link":"https:\/\/immolo.net\/","title":{"rendered":"HERZLICH WILLKOMMEN"},"content":{"rendered":"<p><strong>bei immolo, dem Immobilienmakler Ihres Vertrauens.<\/strong><\/p>\n<p>Sie m\u00f6chten in Werte &#8222;zum Anfassen&#8220; investieren und sind auf der Suche nach Anlageobjekten, Eigentumswohnungen oder Grundst\u00fccken im Raum Th\u00fcringen\/Sachsen-Anhalt? Dann k\u00f6nnen wir Ihnen vielleicht etwas Passendes anbieten! Wir legen gro\u00dfen Wert auf Diskretion, kompetent-fachgerechte Beratung und verf\u00fcgen \u00fcber umfassende Marktkenntnisse. Deshalb freuen wir uns \u00fcber eine kurze\u00a0<a href=\"mailto:info@immolo.net\">Nachricht<\/a>\u00a0mit n\u00e4heren Details Ihrer Investitionsabsicht.<\/p>\n<p><strong>Hier ein kurzer Ausschnitt unseres Rundum-Services:<\/strong><\/p>\n<p>&#8211; Aussagekr\u00e4ftige Exposes<br \/>\n&#8211; Beschaffung relevanter Objektunterlagen<br \/>\n&#8211; Professionelle Kaufpreisverhandlung<br \/>\n&#8211; Betreuung bei der Erstellung von Kaufvertr\u00e4gen, bei Beurkundungen bis hin zur Objekt\u00fcbergabe<br \/>\n&#8211; Nutzen Sie unsere Vernetzung in der Region (Baufirmen, Hausverwaltungen, Finanzdienstleister\u2026)<\/p>\n<p>&nbsp;<\/p>\n<p><strong>Unser Service &#8211; Ihr Vorteil!<\/strong><\/p>\n<p>Haben Sie Fragen oder Anregungen an uns? <a href=\"http:\/\/immolo.net\/?page_id=148\">Kontaktieren<\/a> Sie uns! Wir freuen uns auf Ihr Feedback.<\/p>\n","protected":false},"excerpt":{"rendered":"<p>bei immolo, dem Immobilienmakler Ihres Vertrauens. Sie m\u00f6chten in Werte &#8222;zum Anfassen&#8220; investieren und sind auf der Suche nach Anlageobjekten, Eigentumswohnungen oder Grundst\u00fccken im Raum Th\u00fcringen\/Sachsen-Anhalt? Dann k\u00f6nnen wir Ihnen vielleicht etwas Passendes anbieten! Wir legen gro\u00dfen Wert auf Diskretion, kompetent-fachgerechte Beratung und verf\u00fcgen \u00fcber umfassende Marktkenntnisse. Deshalb freuen wir \u2026 <a class=\"continue-reading-link\" href=\"https:\/\/immolo.net\/\"> Continue reading<\/a><\/p>\n","protected":false},"author":2,"featured_media":0,"parent":0,"menu_order":0,"comment_status":"closed","ping_status":"closed","template":"","meta":{"footnotes":""},"class_list":["post-7","page","type-page","status-publish","hentry"],"_links":{"self":[{"href":"https:\/\/immolo.net\/index.php?rest_route=\/wp\/v2\/pages\/7","targetHints":{"allow":["GET"]}}],"collection":[{"href":"https:\/\/immolo.net\/index.php?rest_route=\/wp\/v2\/pages"}],"about":[{"href":"https:\/\/immolo.net\/index.php?rest_route=\/wp\/v2\/types\/page"}],"author":[{"embeddable":true,"href":"https:\/\/immolo.net\/index.php?rest_route=\/wp\/v2\/users\/2"}],"replies":[{"embeddable":true,"href":"https:\/\/immolo.net\/index.php?rest_route=%2Fwp%2Fv2%2Fcomments&post=7"}],"version-history":[{"count":33,"href":"https:\/\/immolo.net\/index.php?rest_route=\/wp\/v2\/pages\/7\/revisions"}],"predecessor-version":[{"id":370,"href":"https:\/\/immolo.net\/index.php?rest_route=\/wp\/v2\/pages\/7\/revisions\/370"}],"wp:attachment":[{"href":"https:\/\/immolo.net\/index.php?rest_route=%2Fwp%2Fv2%2Fmedia&parent=7"}],"curies":[{"name":"wp","href":"https:\/\/api.w.org\/{rel}","templated":true}]}}